{"id":349,"date":"2024-02-29T17:32:57","date_gmt":"2024-02-29T17:32:57","guid":{"rendered":"https:\/\/gslog.pe\/en\/?page_id=349"},"modified":"2024-03-01T03:32:09","modified_gmt":"2024-03-01T03:32:09","slug":"terminos-y-condiciones","status":"publish","type":"page","link":"https:\/\/gslog.pe\/en\/terminos-y-condiciones\/","title":{"rendered":"T\u00e9rminos y Condiciones"},"content":{"rendered":"<p>[et_pb_section fb_built=&#8221;1&#8243; _builder_version=&#8221;4.24.0&#8243; _module_preset=&#8221;default&#8221; background_image=&#8221;https:\/\/gslog.pe\/en\/wp-content\/uploads\/2024\/02\/section_bg.png&#8221; custom_padding=&#8221;7vw||7vw||true|false&#8221; locked=&#8221;off&#8221; global_colors_info=&#8221;{}&#8221;][et_pb_row _builder_version=&#8221;4.24.0&#8243; _module_preset=&#8221;default&#8221; global_colors_info=&#8221;{}&#8221;][et_pb_column type=&#8221;4_4&#8243; _builder_version=&#8221;4.24.0&#8243; _module_preset=&#8221;default&#8221; global_colors_info=&#8221;{}&#8221;][et_pb_text module_class=&#8221;w2-text&#8221; _builder_version=&#8221;4.24.2&#8243; _module_preset=&#8221;default&#8221; header_font=&#8221;|300|||||||&#8221; header_text_color=&#8221;#FFFFFF&#8221; custom_margin_last_edited=&#8221;off|tablet&#8221; custom_padding=&#8221;4vw||||false|false&#8221; custom_padding_tablet=&#8221;4vw||||false|false&#8221; custom_padding_phone=&#8221;12vw||||false|false&#8221; custom_padding_last_edited=&#8221;on|desktop&#8221; global_colors_info=&#8221;{}&#8221;]<\/p>\n<h1>T\u00e9rminos<strong> y Condiciones<\/strong><\/h1>\n<p>[\/et_pb_text][\/et_pb_column][\/et_pb_row][\/et_pb_section][et_pb_section fb_built=&#8221;1&#8243; _builder_version=&#8221;4.24.2&#8243; _module_preset=&#8221;default&#8221; custom_margin=&#8221;5vw||||false|false&#8221; global_colors_info=&#8221;{}&#8221;][et_pb_row _builder_version=&#8221;4.24.2&#8243; _module_preset=&#8221;default&#8221; global_colors_info=&#8221;{}&#8221;][et_pb_column type=&#8221;4_4&#8243; _builder_version=&#8221;4.24.2&#8243; _module_preset=&#8221;default&#8221; global_colors_info=&#8221;{}&#8221;][et_pb_text module_class=&#8221;w-text&#8221; _builder_version=&#8221;4.24.2&#8243; _module_preset=&#8221;default&#8221; text_font=&#8221;|300|||||||&#8221; header_2_font=&#8221;|300|||||||&#8221; hover_enabled=&#8221;0&#8243; global_colors_info=&#8221;{}&#8221; text_orientation=&#8221;justified&#8221; sticky_enabled=&#8221;0&#8243;]<\/p>\n<h2>Estimado usuario, te pedimos que leas cuidadosamente los siguientes <strong>T\u00e9rminos y Condiciones<\/strong> de uso<\/h2>\n<p>&nbsp;<\/p>\n<p>Desde el momento del uso o acceso a cualquiera de las p\u00e1ginas que integran el sitio web de <strong>G&amp;S LOGISTICS SAC<\/strong> (<span><a href=\"https:\/\/gslog.pe\/en\">gslog.pe<\/a><\/span>), se entender\u00e1 que aceptas y acuerdas someterte en los t\u00e9rminos y condiciones que aqu\u00ed se describen.<\/p>\n<p>En el caso de que no est\u00e9s de acuerdo con los T\u00e9rminos y Condiciones de Uso y deber\u00e1s abstenerte de navegar por el sitio web.<\/p>\n<p>&nbsp;<\/p>\n<h3>1. Uso y restricciones<\/h3>\n<p>La utilizaci\u00f3n del Sitio web expresa la adhesi\u00f3n plena y sin reservas del usuario a los presentes T\u00e9rminos y Condiciones de Uso. A trav\u00e9s del Sitio web, el usuario acceder\u00e1 y\/o utilizar\u00e1 diversos servicios y contenidos (en lo sucesivo, los &#8220;Servicios y Contenidos&#8221;), puestos a disposici\u00f3n de los usuarios por los integrantes de G&amp;S LOGISTICS S.A.C.<\/p>\n<p>G&amp;S LOGISTICS S.A.C. tendr\u00e1 el derecho a negar, restringir o condicionar al usuario el acceso al Sitio web, total o parcialmente, a su entera discreci\u00f3n, as\u00ed como a modificar los Servicios y Contenidos del Sitio web, en cualquier momento y sin necesidad de previo aviso.<\/p>\n<p>Queda terminantemente prohibido utilizar el Sitio web para actividades que impliquen infringir o violar las leyes del Per\u00fa o del lugar en el que se haga uso de los servicios que se presten a trav\u00e9s del mismo.<\/p>\n<p>Queda terminantemente prohibido llevar a cabo actividades de &#8220;hacking&#8221; (acto o series de actos realizado(s) a trav\u00e9s o por conducto del Internet que involucren la eliminaci\u00f3n, apropiaci\u00f3n, interferencia, da\u00f1o o la extracci\u00f3n parcial o total no autorizada de informaci\u00f3n, dinero o bienes de propiedad de terceros registrados en Internet con cualquier prop\u00f3sito, incluyendo pero sin limitarse, el de causar da\u00f1o, u obtener un beneficio econ\u00f3mico en favor de aquel que realice el acto en favor de terceros), a trav\u00e9s del Sitio web.<\/p>\n<p>Queda terminantemente prohibido desarrollar mecanismos que en forma alguna intenten defraudar a G&amp;S LOGISTICS S.A.C. Asimismo, queda terminantemente prohibido, utilizar el Sitio web como medio de defraudaci\u00f3n a terceros.<\/p>\n<p>El usuario reconoce que no todos los Servicios y Contenidos est\u00e1n disponibles en todas las \u00e1reas geogr\u00e1ficas.<\/p>\n<p>G&amp;S LOGISTICS S.A.C no garantiza la disponibilidad y continuidad de la operaci\u00f3n del Sitio web y de los Servicios y Contenidos, ni la utilidad del Sitio web o los Servicios y Contenidos en relaci\u00f3n con ninguna actividad espec\u00edfica. G&amp;S LOGISTICS S.A.C no ser\u00e1 responsable por ning\u00fan da\u00f1o o p\u00e9rdida de cualquier naturaleza que pueda ser causado debido a la falta de disponibilidad o continuidad de operaci\u00f3n del Sitio web y\/o de los Servicios y Contenidos.<\/p>\n<p>&nbsp;<\/p>\n<h3>2. Propiedad intelectual<\/h3>\n<p>Los derechos de propiedad intelectual respecto de los Servicios y Contenidos y los signos distintivos y dominios del Sitio web, as\u00ed como los derechos de uso y explotaci\u00f3n de los mismos, incluyendo su divulgaci\u00f3n, publicaci\u00f3n, reproducci\u00f3n, distribuci\u00f3n y transformaci\u00f3n, son propiedad exclusiva de G&amp;S LOGISTICS S.A.C, y se encuentran protegidos por la legislaci\u00f3n peruana de la materia, por el Decreto Legislativo N\u00b0822 &#8211; Ley sobre Derechos de Autor &#8211; y por el Decreto Legislativo N\u00b0823 &#8211; Ley de la Propiedad Industrial. El usuario no adquiere ning\u00fan derecho de propiedad intelectual por el simple uso de los Servicios y Contenidos del Sitio web y en ning\u00fan momento dicho uso ser\u00e1 considerado como una autorizaci\u00f3n ni licencia para utilizar los Servicios y Contenidos con fines distintos a los que se contemplan en los presentes T\u00e9rminos y Condiciones de Uso.<\/p>\n<p>&nbsp;<\/p>\n<h3>3. Propiedad intelectual de terceros<\/h3>\n<p>El usuario acuerda que las disposiciones que se establecen en el inciso 2 anterior respecto de la titularidad de los derechos de la web fondosmutuos.pe tambi\u00e9n son aplicables a los derechos de terceros respecto de los Servicios y Contenidos de las p\u00e1ginas enlazadas al Sitio web.<\/p>\n<p>&nbsp;<\/p>\n<h3>4. Usos permitidos<\/h3>\n<p>El aprovechamiento de los Servicios y Contenidos del Sitio web es exclusiva responsabilidad del usuario, quien en todo caso deber\u00e1 servirse de ellos acorde a las funcionalidades permitidas en el propio Sitio web y a los usos autorizados en los presentes T\u00e9rminos y Condiciones de Uso, por lo que el usuario se obliga a utilizarlos de modo tal que no atenten contra las normas de uso y convivencia en Internet, las leyes de la Rep\u00fablica del Per\u00fa y la legislaci\u00f3n vigente en el pa\u00eds en que el usuario se encuentre al usarlos, las buenas costumbres, la dignidad de la persona y los derechos de terceros. El Sitio web es para el uso personal y del usuario por lo que no podr\u00e1 comercializar de manera alguna los Servicios y Contenidos.<\/p>\n<p>&nbsp;<\/p>\n<h3>5. Calidad de los servicios y contenidos<\/h3>\n<p>G&amp;S LOGISTICS S.A.C, sus directores, gerentes, funcionarios, ejecutivos, empleados, agentes, contratistas u otras personas naturales o jur\u00eddicas vinculadas, no asumir\u00e1n la responsabilidad por ning\u00fan da\u00f1o y\/o perjuicio, a consecuencia de inexactitudes, errores tipogr\u00e1ficos y cambios o mejoras que se realicen peri\u00f3dicamente a los Servicios y Contenidos. Esta condici\u00f3n no ser\u00e1 aplicable cuando la legislaci\u00f3n peruana as\u00ed lo establezca.<\/p>\n<p>G&amp;S LOGISTICS S.A.C, no se hace responsable por los da\u00f1os que el\/los Usuario\/s pueda sufrir como consecuencia del uso del Sitio web, salvo aquellos que provengan de dolo o culpa inexcusable de G&amp;S LOGISTICS S.A.C, seg\u00fan fuera el caso.<\/p>\n<p>G&amp;S LOGISTICS S.A.C no se hace responsable, ni respaldan la informaci\u00f3n que aparezca en el Sitio web y que no sea de su directa autor\u00eda.<\/p>\n<p>G&amp;S LOGISTICS S.A.C, no se hace responsable por los virus que puedan estar presentes en el Sitio web y\/o en los mensajes que se remitan, en consecuencia, se encuentra liberado desde ya de toda responsabilidad por los da\u00f1os que los mismos puedan causar a el\/los Usuario\/s.<\/p>\n<p>G&amp;S LOGISTICS S.A.C, no se hace responsable por las actividades de &#8220;hacking&#8221; que puedan realizar el\/los Usuario\/s en detrimento de la Cuenta de otro Usuario. La disposici\u00f3n de fondos no autorizada, producto de actividades de &#8220;hacking&#8221; no genera responsabilidad alguna para G&amp;S LOGISTICS S.A.C<\/p>\n<p>&nbsp;<\/p>\n<h3>6. Confidencialidad<\/h3>\n<p>G&amp;S LOGISTICS S.A.C se obliga a mantener confidencial la informaci\u00f3n que reciba del usuario que tenga dicho car\u00e1cter conforme a las disposiciones legales aplicables, en la Rep\u00fablica del Per\u00fa. G&amp;S LOGISTICS S.A.C no asume ninguna obligaci\u00f3n de mantener confidencial cualquier otra informaci\u00f3n que el usuario le proporcione, ya sea al registrarse al Sitio web o en cualquier otro momento posterior, incluyendo aquella informaci\u00f3n que el usuario proporcione a trav\u00e9s de boletines, formularios o conversaci\u00f3n en l\u00ednea (chats), as\u00ed como la informaci\u00f3n que obtenga G&amp;S LOGISTICS S.A.C Del Per\u00fa a trav\u00e9s de las Cookies que se describen en el inciso 8.<\/p>\n<p>&nbsp;<\/p>\n<h3>7. Uso de la informaci\u00f3n no confidencial<\/h3>\n<p>Queda entendido que la informaci\u00f3n proporcionada por los usuarios de nuestro Sitio web <span><a href=\"https:\/\/gslog.pe\/en\">gslog.pe<\/a><\/span> sobre cualquier dato, sugerencia o informaci\u00f3n enviada por este medio, ser\u00e1 considerada como no secreta, y, al enviarla, el usuario otorga a G&amp;S LOGISTICS S.A.C una irrevocable e irrestricta licencia de uso, copia, modificaci\u00f3n, reproducci\u00f3n, transmisi\u00f3n, exhibici\u00f3n y distribuci\u00f3n de tales materiales, informaci\u00f3n, sugerencias, ideas o comentarios de cualquier naturaleza.<\/p>\n<p>&nbsp;<\/p>\n<h3>8. Cookies<\/h3>\n<p>El usuario que tenga acceso al Sitio web, acuerda recibir las cookies que les transmitan los servidores de G&amp;S LOGISTICS S.A.C. &#8220;Cookie&#8221; significa un archivo de datos que se almacena en el disco duro de la computadora del usuario cuando \u00e9ste tiene acceso al Sitio web. Las Cookies pueden contener informaci\u00f3n tal como la identificaci\u00f3n proporcionada por el usuario o informaci\u00f3n para rastrear las p\u00e1ginas que el usuario ha visitado. Una Cookie no puede leer los datos o informaci\u00f3n del disco duro del usuario ni leer las Cookies creadas por otros Sitios webs o p\u00e1ginas.<\/p>\n<p>&nbsp;<\/p>\n<h3>9. Modificaciones<\/h3>\n<p>G&amp;S LOGISTICS S.A.C tendr\u00e1 el derecho de modificar en cualquier momento los T\u00e9rminos y Condiciones de Uso. En consecuencia, el usuario debe leer atentamente los T\u00e9rminos y Condiciones de Uso cada vez que pretenda utilizar el Sitio web. Ciertos Servicios y Contenidos ofrecidos a los usuarios en y\/o a trav\u00e9s del Sitio web est\u00e1n sujetos a condiciones particulares propias que sustituyen, completan y\/o modifican los T\u00e9rminos y Condiciones de Uso (en lo sucesivo, las &#8220;Condiciones Particulares&#8221;). Consiguientemente, el usuario tambi\u00e9n debe leer atentamente las correspondientes Condiciones Particulares antes de acceder a cualesquiera Servicios y Contenidos.<\/p>\n<p>&nbsp;<\/p>\n<h3>10. Leyes aplicables y jurisdicci\u00f3n<\/h3>\n<p>Para la interpretaci\u00f3n, cumplimiento y ejecuci\u00f3n de estos t\u00e9rminos y condiciones, las partes est\u00e1n de acuerdo en que ser\u00e1n aplicables las leyes vigentes en la Rep\u00fablica del Per\u00fa, renunciando expresamente a cualquier otro fuero o jurisdicci\u00f3n que pudiera corresponderles debido a sus domicilios presente o futuros, someti\u00e9ndose a la competencia y jurisdicci\u00f3n de los Jueces y Tribunales de Lima, Per\u00fa.<\/p>\n<p>[\/et_pb_text][\/et_pb_column][\/et_pb_row][\/et_pb_section]<\/p>\n","protected":false},"excerpt":{"rendered":"<p>T\u00e9rminos y CondicionesEstimado usuario, te pedimos que leas cuidadosamente los siguientes T\u00e9rminos y Condiciones de uso &nbsp; Desde el momento del uso o acceso a cualquiera de las p\u00e1ginas que integran el sitio web de G&amp;S LOGISTICS SAC (gslog.pe), se entender\u00e1 que aceptas y acuerdas someterte en los t\u00e9rminos y condiciones que aqu\u00ed se describen. [&hellip;]<\/p>\n","protected":false},"author":1,"featured_media":0,"parent":0,"menu_order":0,"comment_status":"closed","ping_status":"closed","template":"","meta":{"_et_pb_use_builder":"on","_et_pb_old_content":"","_et_gb_content_width":"","footnotes":""},"class_list":["post-349","page","type-page","status-publish","hentry"],"yoast_head":"<!-- This site is optimized with the Yoast SEO plugin v26.9 - https:\/\/yoast.com\/product\/yoast-seo-wordpress\/ -->\n<title>T\u00e9rminos y Condiciones - GSLOG<\/title>\n<meta name=\"robots\" content=\"index, follow, max-snippet:-1, max-image-preview:large, max-video-preview:-1\" \/>\n<link rel=\"canonical\" href=\"https:\/\/gslog.pe\/en\/terminos-y-condiciones\/\" \/>\n<meta property=\"og:locale\" content=\"en_US\" \/>\n<meta property=\"og:type\" content=\"article\" \/>\n<meta property=\"og:title\" content=\"T\u00e9rminos y Condiciones - GSLOG\" \/>\n<meta property=\"og:description\" content=\"T\u00e9rminos y CondicionesEstimado usuario, te pedimos que leas cuidadosamente los siguientes T\u00e9rminos y Condiciones de uso &nbsp; Desde el momento del uso o acceso a cualquiera de las p\u00e1ginas que integran el sitio web de G&amp;S LOGISTICS SAC (gslog.pe), se entender\u00e1 que aceptas y acuerdas someterte en los t\u00e9rminos y condiciones que aqu\u00ed se describen. [&hellip;]\" \/>\n<meta property=\"og:url\" content=\"https:\/\/gslog.pe\/en\/terminos-y-condiciones\/\" \/>\n<meta property=\"og:site_name\" content=\"GSLOG\" \/>\n<meta property=\"article:modified_time\" content=\"2024-03-01T03:32:09+00:00\" \/>\n<meta name=\"twitter:card\" content=\"summary_large_image\" \/>\n<meta name=\"twitter:label1\" content=\"Est. reading time\" \/>\n\t<meta name=\"twitter:data1\" content=\"7 minutes\" \/>\n<script type=\"application\/ld+json\" class=\"yoast-schema-graph\">{\"@context\":\"https:\/\/schema.org\",\"@graph\":[{\"@type\":\"WebPage\",\"@id\":\"https:\/\/gslog.pe\/en\/terminos-y-condiciones\/\",\"url\":\"https:\/\/gslog.pe\/en\/terminos-y-condiciones\/\",\"name\":\"T\u00e9rminos y Condiciones - GSLOG\",\"isPartOf\":{\"@id\":\"https:\/\/gslog.pe\/en\/#website\"},\"datePublished\":\"2024-02-29T17:32:57+00:00\",\"dateModified\":\"2024-03-01T03:32:09+00:00\",\"breadcrumb\":{\"@id\":\"https:\/\/gslog.pe\/en\/terminos-y-condiciones\/#breadcrumb\"},\"inLanguage\":\"en-US\",\"potentialAction\":[{\"@type\":\"ReadAction\",\"target\":[\"https:\/\/gslog.pe\/en\/terminos-y-condiciones\/\"]}]},{\"@type\":\"BreadcrumbList\",\"@id\":\"https:\/\/gslog.pe\/en\/terminos-y-condiciones\/#breadcrumb\",\"itemListElement\":[{\"@type\":\"ListItem\",\"position\":1,\"name\":\"Portada\",\"item\":\"https:\/\/gslog.pe\/en\/\"},{\"@type\":\"ListItem\",\"position\":2,\"name\":\"T\u00e9rminos y Condiciones\"}]},{\"@type\":\"WebSite\",\"@id\":\"https:\/\/gslog.pe\/en\/#website\",\"url\":\"https:\/\/gslog.pe\/en\/\",\"name\":\"GSLOG\",\"description\":\"Hacemos que tu negocio traspase fronteras\",\"potentialAction\":[{\"@type\":\"SearchAction\",\"target\":{\"@type\":\"EntryPoint\",\"urlTemplate\":\"https:\/\/gslog.pe\/en\/?s={search_term_string}\"},\"query-input\":{\"@type\":\"PropertyValueSpecification\",\"valueRequired\":true,\"valueName\":\"search_term_string\"}}],\"inLanguage\":\"en-US\"}]}<\/script>\n<!-- \/ Yoast SEO plugin. -->","yoast_head_json":{"title":"T\u00e9rminos y Condiciones - GSLOG","robots":{"index":"index","follow":"follow","max-snippet":"max-snippet:-1","max-image-preview":"max-image-preview:large","max-video-preview":"max-video-preview:-1"},"canonical":"https:\/\/gslog.pe\/en\/terminos-y-condiciones\/","og_locale":"en_US","og_type":"article","og_title":"T\u00e9rminos y Condiciones - GSLOG","og_description":"T\u00e9rminos y CondicionesEstimado usuario, te pedimos que leas cuidadosamente los siguientes T\u00e9rminos y Condiciones de uso &nbsp; Desde el momento del uso o acceso a cualquiera de las p\u00e1ginas que integran el sitio web de G&amp;S LOGISTICS SAC (gslog.pe), se entender\u00e1 que aceptas y acuerdas someterte en los t\u00e9rminos y condiciones que aqu\u00ed se describen. [&hellip;]","og_url":"https:\/\/gslog.pe\/en\/terminos-y-condiciones\/","og_site_name":"GSLOG","article_modified_time":"2024-03-01T03:32:09+00:00","twitter_card":"summary_large_image","twitter_misc":{"Est. reading time":"7 minutes"},"schema":{"@context":"https:\/\/schema.org","@graph":[{"@type":"WebPage","@id":"https:\/\/gslog.pe\/en\/terminos-y-condiciones\/","url":"https:\/\/gslog.pe\/en\/terminos-y-condiciones\/","name":"T\u00e9rminos y Condiciones - GSLOG","isPartOf":{"@id":"https:\/\/gslog.pe\/en\/#website"},"datePublished":"2024-02-29T17:32:57+00:00","dateModified":"2024-03-01T03:32:09+00:00","breadcrumb":{"@id":"https:\/\/gslog.pe\/en\/terminos-y-condiciones\/#breadcrumb"},"inLanguage":"en-US","potentialAction":[{"@type":"ReadAction","target":["https:\/\/gslog.pe\/en\/terminos-y-condiciones\/"]}]},{"@type":"BreadcrumbList","@id":"https:\/\/gslog.pe\/en\/terminos-y-condiciones\/#breadcrumb","itemListElement":[{"@type":"ListItem","position":1,"name":"Portada","item":"https:\/\/gslog.pe\/en\/"},{"@type":"ListItem","position":2,"name":"T\u00e9rminos y Condiciones"}]},{"@type":"WebSite","@id":"https:\/\/gslog.pe\/en\/#website","url":"https:\/\/gslog.pe\/en\/","name":"GSLOG","description":"Hacemos que tu negocio traspase fronteras","potentialAction":[{"@type":"SearchAction","target":{"@type":"EntryPoint","urlTemplate":"https:\/\/gslog.pe\/en\/?s={search_term_string}"},"query-input":{"@type":"PropertyValueSpecification","valueRequired":true,"valueName":"search_term_string"}}],"inLanguage":"en-US"}]}},"_links":{"self":[{"href":"https:\/\/gslog.pe\/en\/wp-json\/wp\/v2\/pages\/349","targetHints":{"allow":["GET"]}}],"collection":[{"href":"https:\/\/gslog.pe\/en\/wp-json\/wp\/v2\/pages"}],"about":[{"href":"https:\/\/gslog.pe\/en\/wp-json\/wp\/v2\/types\/page"}],"author":[{"embeddable":true,"href":"https:\/\/gslog.pe\/en\/wp-json\/wp\/v2\/users\/1"}],"replies":[{"embeddable":true,"href":"https:\/\/gslog.pe\/en\/wp-json\/wp\/v2\/comments?post=349"}],"version-history":[{"count":5,"href":"https:\/\/gslog.pe\/en\/wp-json\/wp\/v2\/pages\/349\/revisions"}],"predecessor-version":[{"id":388,"href":"https:\/\/gslog.pe\/en\/wp-json\/wp\/v2\/pages\/349\/revisions\/388"}],"wp:attachment":[{"href":"https:\/\/gslog.pe\/en\/wp-json\/wp\/v2\/media?parent=349"}],"curies":[{"name":"wp","href":"https:\/\/api.w.org\/{rel}","templated":true}]}}